{"id":1284,"date":"2022-08-09T21:19:09","date_gmt":"2022-08-09T21:19:09","guid":{"rendered":"https:\/\/aldex-ks.com\/?page_id=1284"},"modified":"2022-12-02T11:48:07","modified_gmt":"2022-12-02T11:48:07","slug":"aldex-platinium-residence","status":"publish","type":"page","link":"https:\/\/aldex-ks.com\/sq\/aldex-construction\/aldex-platinium-residence\/","title":{"rendered":"Aldex Platinium Residence"},"content":{"rendered":"<div data-elementor-type=\"wp-page\" data-elementor-id=\"1284\" class=\"elementor elementor-1284\">\n\t\t\t\t\t\t\t\t\t<section class=\"elementor-section elementor-top-section elementor-element elementor-element-f7a971a elementor-section-boxed elementor-section-height-default elementor-section-height-default\" data-id=\"f7a971a\" data-element_type=\"section\">\n\t\t\t\t\t\t<div class=\"elementor-container elementor-column-gap-default\">\n\t\t\t\t\t<div class=\"elementor-column elementor-col-100 elementor-top-column elementor-element elementor-element-a475e7f\" data-id=\"a475e7f\" data-element_type=\"column\">\n\t\t\t<div class=\"elementor-widget-wrap elementor-element-populated\">\n\t\t\t\t\t\t\t\t<div class=\"elementor-element elementor-element-e76f018 elementor-widget elementor-widget-heading\" data-id=\"e76f018\" data-element_type=\"widget\" data-widget_type=\"heading.default\">\n\t\t\t\t<div class=\"elementor-widget-container\">\n\t\t\t<style>\/*! elementor - v3.7.0 - 08-08-2022 *\/\n.elementor-heading-title{padding:0;margin:0;line-height:1}.elementor-widget-heading .elementor-heading-title[class*=elementor-size-]>a{color:inherit;font-size:inherit;line-height:inherit}.elementor-widget-heading .elementor-heading-title.elementor-size-small{font-size:15px}.elementor-widget-heading .elementor-heading-title.elementor-size-medium{font-size:19px}.elementor-widget-heading .elementor-heading-title.elementor-size-large{font-size:29px}.elementor-widget-heading .elementor-heading-title.elementor-size-xl{font-size:39px}.elementor-widget-heading .elementor-heading-title.elementor-size-xxl{font-size:59px}<\/style><h2 class=\"elementor-heading-title elementor-size-default\">Vendi m\u00eb i mir\u00eb p\u00ebr t\u00eb jetuar n\u00eb qytetin e Pej\u00ebs.<\/h2>\t\t<\/div>\n\t\t\t\t<\/div>\n\t\t\t\t\t<\/div>\n\t\t<\/div>\n\t\t\t\t\t\t\t<\/div>\n\t\t<\/section>\n\t\t\t\t<section class=\"elementor-section elementor-top-section elementor-element elementor-element-36b9285 elementor-section-boxed elementor-section-height-default elementor-section-height-default\" data-id=\"36b9285\" data-element_type=\"section\">\n\t\t\t\t\t\t<div class=\"elementor-container elementor-column-gap-default\">\n\t\t\t\t\t<div class=\"elementor-column elementor-col-100 elementor-top-column elementor-element elementor-element-b0c09ed\" data-id=\"b0c09ed\" data-element_type=\"column\">\n\t\t\t<div class=\"elementor-widget-wrap elementor-element-populated\">\n\t\t\t\t\t\t\t\t\t<\/div>\n\t\t<\/div>\n\t\t\t\t\t\t\t<\/div>\n\t\t<\/section>\n\t\t\t\t<section class=\"elementor-section elementor-top-section elementor-element elementor-element-97b3900 elementor-section-boxed elementor-section-height-default elementor-section-height-default\" data-id=\"97b3900\" data-element_type=\"section\">\n\t\t\t\t\t\t<div class=\"elementor-container elementor-column-gap-default\">\n\t\t\t\t\t<div class=\"elementor-column elementor-col-100 elementor-top-column elementor-element elementor-element-0efef4c\" data-id=\"0efef4c\" data-element_type=\"column\">\n\t\t\t<div class=\"elementor-widget-wrap elementor-element-populated\">\n\t\t\t\t\t\t\t\t<div class=\"elementor-element elementor-element-7280044 gallery-spacing-custom elementor-widget elementor-widget-image-gallery\" data-id=\"7280044\" data-element_type=\"widget\" data-widget_type=\"image-gallery.default\">\n\t\t\t\t<div class=\"elementor-widget-container\">\n\t\t\t<style>\/*! elementor - v3.7.0 - 08-08-2022 *\/\n.elementor-image-gallery .gallery-item{display:inline-block;text-align:center;vertical-align:top;width:100%;max-width:100%;margin:0 auto}.elementor-image-gallery .gallery-item img{margin:0 auto}.elementor-image-gallery .gallery-item .gallery-caption{margin:0}.elementor-image-gallery figure img{display:block}.elementor-image-gallery figure figcaption{width:100%}.gallery-spacing-custom .elementor-image-gallery .gallery-icon{padding:0}@media (min-width:768px){.elementor-image-gallery .gallery-columns-2 .gallery-item{max-width:50%}.elementor-image-gallery .gallery-columns-3 .gallery-item{max-width:33.33%}.elementor-image-gallery .gallery-columns-4 .gallery-item{max-width:25%}.elementor-image-gallery .gallery-columns-5 .gallery-item{max-width:20%}.elementor-image-gallery .gallery-columns-6 .gallery-item{max-width:16.666%}.elementor-image-gallery .gallery-columns-7 .gallery-item{max-width:14.28%}.elementor-image-gallery .gallery-columns-8 .gallery-item{max-width:12.5%}.elementor-image-gallery .gallery-columns-9 .gallery-item{max-width:11.11%}.elementor-image-gallery .gallery-columns-10 .gallery-item{max-width:10%}}@media (min-width:480px) and (max-width:767px){.elementor-image-gallery .gallery.gallery-columns-2 .gallery-item,.elementor-image-gallery .gallery.gallery-columns-3 .gallery-item,.elementor-image-gallery .gallery.gallery-columns-4 .gallery-item,.elementor-image-gallery .gallery.gallery-columns-5 .gallery-item,.elementor-image-gallery .gallery.gallery-columns-6 .gallery-item,.elementor-image-gallery .gallery.gallery-columns-7 .gallery-item,.elementor-image-gallery .gallery.gallery-columns-8 .gallery-item,.elementor-image-gallery .gallery.gallery-columns-9 .gallery-item,.elementor-image-gallery .gallery.gallery-columns-10 .gallery-item{max-width:50%}}@media (max-width:479px){.elementor-image-gallery .gallery.gallery-columns-2 .gallery-item,.elementor-image-gallery .gallery.gallery-columns-3 .gallery-item,.elementor-image-gallery .gallery.gallery-columns-4 .gallery-item,.elementor-image-gallery .gallery.gallery-columns-5 .gallery-item,.elementor-image-gallery .gallery.gallery-columns-6 .gallery-item,.elementor-image-gallery .gallery.gallery-columns-7 .gallery-item,.elementor-image-gallery .gallery.gallery-columns-8 .gallery-item,.elementor-image-gallery .gallery.gallery-columns-9 .gallery-item,.elementor-image-gallery .gallery.gallery-columns-10 .gallery-item{max-width:100%}}<\/style>\t\t<div class=\"elementor-image-gallery\">\n\t\t\t<div id='gallery-1' class='gallery galleryid-1284 gallery-columns-2 gallery-size-full'><figure class='gallery-item'>\n\t\t\t<div class='gallery-icon landscape'>\n\t\t\t\t<a data-elementor-open-lightbox=\"yes\" data-elementor-lightbox-slideshow=\"7280044\" data-elementor-lightbox-title=\"001 aldex-platinium-residence\" e-action-hash=\"#elementor-action%3Aaction%3Dlightbox%26settings%3DeyJpZCI6MTQxMiwidXJsIjoiaHR0cHM6XC9cL2FsZGV4LWtzLmNvbVwvd3AtY29udGVudFwvdXBsb2Fkc1wvMjAyMlwvMDhcLzAwMS1hbGRleC1wbGF0aW5pdW0tcmVzaWRlbmNlLmpwZyIsInNsaWRlc2hvdyI6IjcyODAwNDQifQ%3D%3D\" href='https:\/\/aldex-ks.com\/wp-content\/uploads\/2022\/08\/001-aldex-platinium-residence.jpg'><img width=\"2000\" height=\"1058\" src=\"https:\/\/aldex-ks.com\/wp-content\/uploads\/2022\/08\/001-aldex-platinium-residence.jpg\" class=\"attachment-full size-full\" alt=\"aldex platinum residence\" loading=\"lazy\" srcset=\"https:\/\/aldex-ks.com\/wp-content\/uploads\/2022\/08\/001-aldex-platinium-residence.jpg 2000w, https:\/\/aldex-ks.com\/wp-content\/uploads\/2022\/08\/001-aldex-platinium-residence-300x159.jpg 300w, https:\/\/aldex-ks.com\/wp-content\/uploads\/2022\/08\/001-aldex-platinium-residence-1024x542.jpg 1024w, https:\/\/aldex-ks.com\/wp-content\/uploads\/2022\/08\/001-aldex-platinium-residence-768x406.jpg 768w, https:\/\/aldex-ks.com\/wp-content\/uploads\/2022\/08\/001-aldex-platinium-residence-1536x813.jpg 1536w\" sizes=\"(max-width: 2000px) 100vw, 2000px\" \/><\/a>\n\t\t\t<\/div><\/figure><figure class='gallery-item'>\n\t\t\t<div class='gallery-icon landscape'>\n\t\t\t\t<a data-elementor-open-lightbox=\"yes\" data-elementor-lightbox-slideshow=\"7280044\" data-elementor-lightbox-title=\"002 aldex-platinium-residence\" e-action-hash=\"#elementor-action%3Aaction%3Dlightbox%26settings%3DeyJpZCI6MTQxMywidXJsIjoiaHR0cHM6XC9cL2FsZGV4LWtzLmNvbVwvd3AtY29udGVudFwvdXBsb2Fkc1wvMjAyMlwvMDhcLzAwMi1hbGRleC1wbGF0aW5pdW0tcmVzaWRlbmNlLmpwZyIsInNsaWRlc2hvdyI6IjcyODAwNDQifQ%3D%3D\" href='https:\/\/aldex-ks.com\/wp-content\/uploads\/2022\/08\/002-aldex-platinium-residence.jpg'><img width=\"2000\" height=\"1058\" src=\"https:\/\/aldex-ks.com\/wp-content\/uploads\/2022\/08\/002-aldex-platinium-residence.jpg\" class=\"attachment-full size-full\" alt=\"\" loading=\"lazy\" srcset=\"https:\/\/aldex-ks.com\/wp-content\/uploads\/2022\/08\/002-aldex-platinium-residence.jpg 2000w, https:\/\/aldex-ks.com\/wp-content\/uploads\/2022\/08\/002-aldex-platinium-residence-300x159.jpg 300w, https:\/\/aldex-ks.com\/wp-content\/uploads\/2022\/08\/002-aldex-platinium-residence-1024x542.jpg 1024w, https:\/\/aldex-ks.com\/wp-content\/uploads\/2022\/08\/002-aldex-platinium-residence-768x406.jpg 768w, https:\/\/aldex-ks.com\/wp-content\/uploads\/2022\/08\/002-aldex-platinium-residence-1536x813.jpg 1536w\" sizes=\"(max-width: 2000px) 100vw, 2000px\" \/><\/a>\n\t\t\t<\/div><\/figure><figure class='gallery-item'>\n\t\t\t<div class='gallery-icon landscape'>\n\t\t\t\t<a data-elementor-open-lightbox=\"yes\" data-elementor-lightbox-slideshow=\"7280044\" data-elementor-lightbox-title=\"003 aldex-platinium-residence\" e-action-hash=\"#elementor-action%3Aaction%3Dlightbox%26settings%3DeyJpZCI6MTQxNCwidXJsIjoiaHR0cHM6XC9cL2FsZGV4LWtzLmNvbVwvd3AtY29udGVudFwvdXBsb2Fkc1wvMjAyMlwvMDhcLzAwMy1hbGRleC1wbGF0aW5pdW0tcmVzaWRlbmNlLmpwZyIsInNsaWRlc2hvdyI6IjcyODAwNDQifQ%3D%3D\" href='https:\/\/aldex-ks.com\/wp-content\/uploads\/2022\/08\/003-aldex-platinium-residence.jpg'><img width=\"2000\" height=\"1058\" src=\"https:\/\/aldex-ks.com\/wp-content\/uploads\/2022\/08\/003-aldex-platinium-residence.jpg\" class=\"attachment-full size-full\" alt=\"aldex platinum residence\" loading=\"lazy\" srcset=\"https:\/\/aldex-ks.com\/wp-content\/uploads\/2022\/08\/003-aldex-platinium-residence.jpg 2000w, https:\/\/aldex-ks.com\/wp-content\/uploads\/2022\/08\/003-aldex-platinium-residence-300x159.jpg 300w, https:\/\/aldex-ks.com\/wp-content\/uploads\/2022\/08\/003-aldex-platinium-residence-1024x542.jpg 1024w, https:\/\/aldex-ks.com\/wp-content\/uploads\/2022\/08\/003-aldex-platinium-residence-768x406.jpg 768w, https:\/\/aldex-ks.com\/wp-content\/uploads\/2022\/08\/003-aldex-platinium-residence-1536x813.jpg 1536w\" sizes=\"(max-width: 2000px) 100vw, 2000px\" \/><\/a>\n\t\t\t<\/div><\/figure><figure class='gallery-item'>\n\t\t\t<div class='gallery-icon landscape'>\n\t\t\t\t<a data-elementor-open-lightbox=\"yes\" data-elementor-lightbox-slideshow=\"7280044\" data-elementor-lightbox-title=\"004 aldex-platinium-residence\" e-action-hash=\"#elementor-action%3Aaction%3Dlightbox%26settings%3DeyJpZCI6MTQxNSwidXJsIjoiaHR0cHM6XC9cL2FsZGV4LWtzLmNvbVwvd3AtY29udGVudFwvdXBsb2Fkc1wvMjAyMlwvMDhcLzAwNC1hbGRleC1wbGF0aW5pdW0tcmVzaWRlbmNlLmpwZyIsInNsaWRlc2hvdyI6IjcyODAwNDQifQ%3D%3D\" href='https:\/\/aldex-ks.com\/wp-content\/uploads\/2022\/08\/004-aldex-platinium-residence.jpg'><img width=\"2000\" height=\"1058\" src=\"https:\/\/aldex-ks.com\/wp-content\/uploads\/2022\/08\/004-aldex-platinium-residence.jpg\" class=\"attachment-full size-full\" alt=\"aldex platinum residence\" loading=\"lazy\" srcset=\"https:\/\/aldex-ks.com\/wp-content\/uploads\/2022\/08\/004-aldex-platinium-residence.jpg 2000w, https:\/\/aldex-ks.com\/wp-content\/uploads\/2022\/08\/004-aldex-platinium-residence-300x159.jpg 300w, https:\/\/aldex-ks.com\/wp-content\/uploads\/2022\/08\/004-aldex-platinium-residence-1024x542.jpg 1024w, https:\/\/aldex-ks.com\/wp-content\/uploads\/2022\/08\/004-aldex-platinium-residence-768x406.jpg 768w, https:\/\/aldex-ks.com\/wp-content\/uploads\/2022\/08\/004-aldex-platinium-residence-1536x813.jpg 1536w\" sizes=\"(max-width: 2000px) 100vw, 2000px\" \/><\/a>\n\t\t\t<\/div><\/figure>\n\t\t<\/div>\n\t\t<\/div>\n\t\t\t\t<\/div>\n\t\t\t\t<\/div>\n\t\t\t\t\t<\/div>\n\t\t<\/div>\n\t\t\t\t\t\t\t<\/div>\n\t\t<\/section>\n\t\t\t\t<section class=\"elementor-section elementor-top-section elementor-element elementor-element-b80ca4d elementor-section-boxed elementor-section-height-default elementor-section-height-default\" data-id=\"b80ca4d\" data-element_type=\"section\">\n\t\t\t\t\t\t<div class=\"elementor-container elementor-column-gap-default\">\n\t\t\t\t\t<div class=\"elementor-column elementor-col-100 elementor-top-column elementor-element elementor-element-b90bb4d\" data-id=\"b90bb4d\" data-element_type=\"column\">\n\t\t\t<div class=\"elementor-widget-wrap elementor-element-populated\">\n\t\t\t\t\t\t\t\t<div class=\"elementor-element elementor-element-221163c elementor-align-right elementor-widget elementor-widget-button\" data-id=\"221163c\" data-element_type=\"widget\" data-widget_type=\"button.default\">\n\t\t\t\t<div class=\"elementor-widget-container\">\n\t\t\t\t\t<div class=\"elementor-button-wrapper\">\n\t\t\t<a href=\"https:\/\/aldex-ks.com\/wp-content\/uploads\/2022\/12\/Aldex-Platinium.pdf\" class=\"elementor-button-link elementor-button elementor-size-md\" role=\"button\">\n\t\t\t\t\t\t<span class=\"elementor-button-content-wrapper\">\n\t\t\t\t\t\t\t<span class=\"elementor-button-icon elementor-align-icon-left\">\n\t\t\t\t<i aria-hidden=\"true\" class=\"fas fa-download\"><\/i>\t\t\t<\/span>\n\t\t\t\t\t\t<span class=\"elementor-button-text\">Shkarko Katalogun<\/span>\n\t\t<\/span>\n\t\t\t\t\t<\/a>\n\t\t<\/div>\n\t\t\t\t<\/div>\n\t\t\t\t<\/div>\n\t\t\t\t\t<\/div>\n\t\t<\/div>\n\t\t\t\t\t\t\t<\/div>\n\t\t<\/section>\n\t\t\t\t\t\t\t<\/div>","protected":false},"excerpt":{"rendered":"<p>The best place to live in the city of Peja. Download Catalog<\/p>","protected":false},"author":2,"featured_media":0,"parent":1078,"menu_order":0,"comment_status":"closed","ping_status":"closed","template":"","meta":[],"acf":[],"_links":{"self":[{"href":"https:\/\/aldex-ks.com\/sq\/wp-json\/wp\/v2\/pages\/1284"}],"collection":[{"href":"https:\/\/aldex-ks.com\/sq\/wp-json\/wp\/v2\/pages"}],"about":[{"href":"https:\/\/aldex-ks.com\/sq\/wp-json\/wp\/v2\/types\/page"}],"author":[{"embeddable":true,"href":"https:\/\/aldex-ks.com\/sq\/wp-json\/wp\/v2\/users\/2"}],"replies":[{"embeddable":true,"href":"https:\/\/aldex-ks.com\/sq\/wp-json\/wp\/v2\/comments?post=1284"}],"version-history":[{"count":10,"href":"https:\/\/aldex-ks.com\/sq\/wp-json\/wp\/v2\/pages\/1284\/revisions"}],"predecessor-version":[{"id":3504,"href":"https:\/\/aldex-ks.com\/sq\/wp-json\/wp\/v2\/pages\/1284\/revisions\/3504"}],"up":[{"embeddable":true,"href":"https:\/\/aldex-ks.com\/sq\/wp-json\/wp\/v2\/pages\/1078"}],"wp:attachment":[{"href":"https:\/\/aldex-ks.com\/sq\/wp-json\/wp\/v2\/media?parent=1284"}],"curies":[{"name":"wp","href":"https:\/\/api.w.org\/{rel}","templated":true}]}}