{"id":153,"date":"2021-07-18T08:59:20","date_gmt":"2021-07-18T08:59:20","guid":{"rendered":"http:\/\/localhost:8888\/royarch\/?page_id=153"},"modified":"2022-08-02T13:31:00","modified_gmt":"2022-08-02T13:31:00","slug":"services","status":"publish","type":"page","link":"https:\/\/aldex-ks.com\/sq\/services\/","title":{"rendered":"Services"},"content":{"rendered":"<div data-elementor-type=\"wp-page\" data-elementor-id=\"153\" class=\"elementor elementor-153\">\n\t\t\t\t\t\t\t\t\t<section class=\"elementor-section elementor-top-section elementor-element elementor-element-6409f68 elementor-section-full_width elementor-section-height-default elementor-section-height-default\" data-id=\"6409f68\" data-element_type=\"section\">\n\t\t\t\t\t\t<div class=\"elementor-container elementor-column-gap-no\">\n\t\t\t\t\t<div class=\"elementor-column elementor-col-100 elementor-top-column elementor-element elementor-element-93d1222\" data-id=\"93d1222\" data-element_type=\"column\">\n\t\t\t<div class=\"elementor-widget-wrap elementor-element-populated\">\n\t\t\t\t\t\t\t\t<div class=\"elementor-element elementor-element-0cd139f elementor-widget elementor-widget-Royarch-Global-Widgets-Services-Block\" data-id=\"0cd139f\" data-element_type=\"widget\" data-widget_type=\"Royarch-Global-Widgets-Services-Block.default\">\n\t\t\t\t<div class=\"elementor-widget-container\">\n\t\t\t\n\t\t<!-- services-section\n\t\t\t================================================== -->\n\t\t<section class=\"services-section\">\n\n\t\t\t<div class=\"container\">\n\t\t\t\t<div class=\"title-box\">\n\t\t\t\t\t<span>Gjall\u00ebroni jet\u00ebn tuaj<\/span>\n\t\t\t\t\t<h2>P\u00ebrmir\u00ebsoni t\u00eb ardhmen tuaj<\/h2>\n\t\t\t\t<\/div>\n\t\t\t\t<div class=\"services-box\">\n\t\t\t\t\t<div class=\"row\">\n\t\t\t\t\t\t                        <div class=\"col-lg-3 col-md-6\">\n\t\t\t\t\t\t\t<div class=\"services-post\">\n\t\t\t\t\t\t\t\t<a href=\"\">\n\t\t\t\t\t\t\t\t\t<i aria-hidden=\"true\" class=\"fab fa-adn\"><\/i>\t\t\t\t\t\t\t\t<\/a>\n\t\t\t\t\t\t\t\t<h4>Dizajn<\/h4>\n\t\t\t\t\t\t\t\t<p>Complex architecture, design by interior designer <\/p>\n\t\t\t\t\t\t\t<\/div>\n\t\t\t\t\t\t<\/div>\n\n                                                <div class=\"col-lg-3 col-md-6\">\n\t\t\t\t\t\t\t<div class=\"services-post\">\n\t\t\t\t\t\t\t\t<a href=\"\">\n\t\t\t\t\t\t\t\t\t<i aria-hidden=\"true\" class=\"fas fa-cube\"><\/i>\t\t\t\t\t\t\t\t<\/a>\n\t\t\t\t\t\t\t\t<h4>Planifikim<\/h4>\n\t\t\t\t\t\t\t\t<p>Ne ju ofrojm\u00eb dizajne t\u00eb pakrahasueshme <\/p>\n\t\t\t\t\t\t\t<\/div>\n\t\t\t\t\t\t<\/div>\n\n                                                <div class=\"col-lg-3 col-md-6\">\n\t\t\t\t\t\t\t<div class=\"services-post\">\n\t\t\t\t\t\t\t\t<a href=\"\">\n\t\t\t\t\t\t\t\t\t<i aria-hidden=\"true\" class=\"fas fa-chart-pie\"><\/i>\t\t\t\t\t\t\t\t<\/a>\n\t\t\t\t\t\t\t\t<h4>Analiza<\/h4>\n\t\t\t\t\t\t\t\t<p>Zgjidhni stilin, ne e plot\u00ebsojm\u00eb me dosjen tuaj <\/p>\n\t\t\t\t\t\t\t<\/div>\n\t\t\t\t\t\t<\/div>\n\n                                                <div class=\"col-lg-3 col-md-6\">\n\t\t\t\t\t\t\t<div class=\"services-post\">\n\t\t\t\t\t\t\t\t<a href=\"\">\n\t\t\t\t\t\t\t\t\t<i aria-hidden=\"true\" class=\"fas fa-life-ring\"><\/i>\t\t\t\t\t\t\t\t<\/a>\n\t\t\t\t\t\t\t\t<h4>Mbeshtetje<\/h4>\n\t\t\t\t\t\t\t\t<p>L\u00ebrini p\u00ebrshtypjen tuaj me nj\u00eb dizajn <\/p>\n\t\t\t\t\t\t\t<\/div>\n\t\t\t\t\t\t<\/div>\n\n                        \t\t\t\t\t<\/div>\n\t\t\t\t<\/div>\n\t\t\t<\/div>\n\n\t\t<\/section>\n\t\t<!-- End services-section -->\n    \n    \t\t<\/div>\n\t\t\t\t<\/div>\n\t\t\t\t\t<\/div>\n\t\t<\/div>\n\t\t\t\t\t\t\t<\/div>\n\t\t<\/section>\n\t\t\t\t<section class=\"elementor-section elementor-top-section elementor-element elementor-element-661bfb7 elementor-section-full_width elementor-section-height-default elementor-section-height-default\" data-id=\"661bfb7\" data-element_type=\"section\">\n\t\t\t\t\t\t<div class=\"elementor-container elementor-column-gap-no\">\n\t\t\t\t\t<div class=\"elementor-column elementor-col-100 elementor-top-column elementor-element elementor-element-3a3ed77\" data-id=\"3a3ed77\" data-element_type=\"column\">\n\t\t\t<div class=\"elementor-widget-wrap elementor-element-populated\">\n\t\t\t\t\t\t\t\t<div class=\"elementor-element elementor-element-ea67c96 elementor-widget elementor-widget-Royarch-Global-Widgets-Services-Block2\" data-id=\"ea67c96\" data-element_type=\"widget\" data-widget_type=\"Royarch-Global-Widgets-Services-Block2.default\">\n\t\t\t\t<div class=\"elementor-widget-container\">\n\t\t\t\n\t\t<!-- services-section2\n\t\t\t================================================== -->\n\t\t<section class=\"services-section2\" style=\"background-image: url('http:\/\/localhost:8888\/royarch\/wp-content\/uploads\/2021\/07\/service-bg.jpg')\">\n\n\t\t\t<div class=\"container\">\n\t\t\t\t<div class=\"title-box center-title\">\n\t\t\t\t\t<span>P\u00ebrmir\u00ebsoni t\u00eb ardhmen tuaj<\/span>\n\t\t\t\t\t<h2>Innovation stylish ideas<\/h2>\n\t\t\t\t<\/div>\n\t\t\t\t<div class=\"services-box2\">\n\t\t\t\t\t<div class=\"row\">\n\t\t\t\t\t\t                        <div class=\"col-lg-6\">\n\t\t\t\t\t\t\t<div class=\"services-post2\">\n\t\t\t\t\t\t\t\t<a href=\"\" class=\"icon\">\n\t\t\t\t\t\t\t\t\t\t\t\t\t\t\t\t\t\t\t<span class=\"material-icons-outlined md-home\">\n\t\t\t\t\t\t\t\t\t\thome\t\t\t\t\t\t\t\t\t\t<\/span>\n\t\t\t\t\t\t\t\t\t\t\t\t\t\t\t\t\t\t\t\n\t\t\t\t\t\t\t\t<\/a>\n\t\t\t\t\t\t\t\t<div class=\"serv-content\">\n\t\t\t\t\t\t\t\t\t<h4>Planifikim<\/h4>\n\t\t\t\t\t\t\t\t\t<p>Lorem ipsum dolor sit amet, consectetur adipisicing elit sed do eiusmod tempor incididunt ut <\/p>\n\t\t\t\t\t\t\t\t<\/div>\n\t\t\t\t\t\t\t<\/div>\n\t\t\t\t\t\t<\/div>\n\n                                                <div class=\"col-lg-6\">\n\t\t\t\t\t\t\t<div class=\"services-post2\">\n\t\t\t\t\t\t\t\t<a href=\"\" class=\"icon\">\n\t\t\t\t\t\t\t\t\t\t\t\t\t\t\t\t\t\t\t<span class=\"material-icons-outlined md-event_seat\">\n\t\t\t\t\t\t\t\t\t\tevent_seat\t\t\t\t\t\t\t\t\t\t<\/span>\n\t\t\t\t\t\t\t\t\t\t\t\t\t\t\t\t\t\t\t\n\t\t\t\t\t\t\t\t<\/a>\n\t\t\t\t\t\t\t\t<div class=\"serv-content\">\n\t\t\t\t\t\t\t\t\t<h4>Designing<\/h4>\n\t\t\t\t\t\t\t\t\t<p>Lorem ipsum dolor sit amet, consectetur adipisicing elit sed do eiusmod tempor incididunt ut <\/p>\n\t\t\t\t\t\t\t\t<\/div>\n\t\t\t\t\t\t\t<\/div>\n\t\t\t\t\t\t<\/div>\n\n                                                <div class=\"col-lg-6\">\n\t\t\t\t\t\t\t<div class=\"services-post2\">\n\t\t\t\t\t\t\t\t<a href=\"\" class=\"icon\">\n\t\t\t\t\t\t\t\t\t\t\t\t\t\t\t\t\t\t\t<span class=\"material-icons-outlined md-fingerprint\">\n\t\t\t\t\t\t\t\t\t\tfingerprint\t\t\t\t\t\t\t\t\t\t<\/span>\n\t\t\t\t\t\t\t\t\t\t\t\t\t\t\t\t\t\t\t\n\t\t\t\t\t\t\t\t<\/a>\n\t\t\t\t\t\t\t\t<div class=\"serv-content\">\n\t\t\t\t\t\t\t\t\t<h4>Ideas<\/h4>\n\t\t\t\t\t\t\t\t\t<p>Lorem ipsum dolor sit amet, consectetur adipisicing elit sed do eiusmod tempor incididunt ut <\/p>\n\t\t\t\t\t\t\t\t<\/div>\n\t\t\t\t\t\t\t<\/div>\n\t\t\t\t\t\t<\/div>\n\n                                                <div class=\"col-lg-6\">\n\t\t\t\t\t\t\t<div class=\"services-post2\">\n\t\t\t\t\t\t\t\t<a href=\"\" class=\"icon\">\n\t\t\t\t\t\t\t\t\t\t\t\t\t\t\t\t\t\t\t<span class=\"material-icons-outlined md-emoji_transportation\">\n\t\t\t\t\t\t\t\t\t\temoji_transportation\t\t\t\t\t\t\t\t\t\t<\/span>\n\t\t\t\t\t\t\t\t\t\t\t\t\t\t\t\t\t\t\t\n\t\t\t\t\t\t\t\t<\/a>\n\t\t\t\t\t\t\t\t<div class=\"serv-content\">\n\t\t\t\t\t\t\t\t\t<h4>Interior<\/h4>\n\t\t\t\t\t\t\t\t\t<p>Lorem ipsum dolor sit amet, consectetur adipisicing elit sed do eiusmod tempor incididunt ut <\/p>\n\t\t\t\t\t\t\t\t<\/div>\n\t\t\t\t\t\t\t<\/div>\n\t\t\t\t\t\t<\/div>\n\n                        \t\t\t\t\t<\/div>\n\t\t\t\t<\/div>\n\t\t\t<\/div>\n\n\t\t<\/section>\n\t\t<!-- End services-section2 -->\n    \n    \t\t<\/div>\n\t\t\t\t<\/div>\n\t\t\t\t\t<\/div>\n\t\t<\/div>\n\t\t\t\t\t\t\t<\/div>\n\t\t<\/section>\n\t\t\t\t<section class=\"elementor-section elementor-top-section elementor-element elementor-element-184df0e elementor-section-full_width elementor-section-height-default elementor-section-height-default\" data-id=\"184df0e\" data-element_type=\"section\">\n\t\t\t\t\t\t<div class=\"elementor-container elementor-column-gap-no\">\n\t\t\t\t\t<div class=\"elementor-column elementor-col-100 elementor-top-column elementor-element elementor-element-c55df8c\" data-id=\"c55df8c\" data-element_type=\"column\">\n\t\t\t<div class=\"elementor-widget-wrap elementor-element-populated\">\n\t\t\t\t\t\t\t\t<div class=\"elementor-element elementor-element-986aae8 elementor-widget elementor-widget-Royarch-Global-Widgets-Services-Block3\" data-id=\"986aae8\" data-element_type=\"widget\" data-widget_type=\"Royarch-Global-Widgets-Services-Block3.default\">\n\t\t\t\t<div class=\"elementor-widget-container\">\n\t\t\t\n\t\t<!-- services-section3 \n\t\t\t================================================== -->\n\t\t<section class=\"services-section3\">\n\n\t\t\t<div class=\"container\">\n\t\t\t\t\t\t\t\t<div class=\"title-box\">\n\t\t\t\t\t<span>We create, You enjoy<\/span>\n\t\t\t\t\t<h2>Meet the future<\/h2>\n\t\t\t\t<\/div>\n\t\t\t\t\t\t\t\t<div class=\"services-box3\">\n\t\t\t\t\t<div class=\"row g-0\">\n\t\t\t\t\t\t                        <div class=\"col-lg-4\">\n\t\t\t\t\t\t\t<div class=\"services-post3\">\n\t\t\t\t\t\t\t\t<a href=\"\">\n\t\t\t\t\t\t\t\t<i aria-hidden=\"true\" class=\"fas fa-ruler-combined\"><\/i>\t\t\t\t\t\t\t\t<\/a>\n\t\t\t\t\t\t\t\t<h4>PLANING<\/h4>\n\t\t\t\t\t\t\t\t<p>Complex architecture, design by interior designer <\/p>\n\t\t\t\t\t\t\t<\/div>\n\t\t\t\t\t\t<\/div>\n\n                                                <div class=\"col-lg-4\">\n\t\t\t\t\t\t\t<div class=\"services-post3\">\n\t\t\t\t\t\t\t\t<a href=\"\">\n\t\t\t\t\t\t\t\t<i aria-hidden=\"true\" class=\"fas fa-edit\"><\/i>\t\t\t\t\t\t\t\t<\/a>\n\t\t\t\t\t\t\t\t<h4>Dizajn<\/h4>\n\t\t\t\t\t\t\t\t<p>Ne ju ofrojm\u00eb dizajne t\u00eb pakrahasueshme <\/p>\n\t\t\t\t\t\t\t<\/div>\n\t\t\t\t\t\t<\/div>\n\n                                                <div class=\"col-lg-4\">\n\t\t\t\t\t\t\t<div class=\"services-post3\">\n\t\t\t\t\t\t\t\t<a href=\"\">\n\t\t\t\t\t\t\t\t<i aria-hidden=\"true\" class=\"fas fa-chart-line\"><\/i>\t\t\t\t\t\t\t\t<\/a>\n\t\t\t\t\t\t\t\t<h4>Finalisation<\/h4>\n\t\t\t\t\t\t\t\t<p>Zgjidhni stilin, ne e plot\u00ebsojm\u00eb me dosjen tuaj <\/p>\n\t\t\t\t\t\t\t<\/div>\n\t\t\t\t\t\t<\/div>\n\n                        \t\t\t\t\t<\/div>\n\t\t\t\t<\/div>\n\t\t\t<\/div>\n\n\t\t<\/section>\n\t\t<!-- End services-section3 -->\n    \n    \t\t<\/div>\n\t\t\t\t<\/div>\n\t\t\t\t\t<\/div>\n\t\t<\/div>\n\t\t\t\t\t\t\t<\/div>\n\t\t<\/section>\n\t\t\t\t<section class=\"elementor-section elementor-top-section elementor-element elementor-element-3933c76 elementor-section-full_width elementor-section-height-default elementor-section-height-default\" data-id=\"3933c76\" data-element_type=\"section\">\n\t\t\t\t\t\t<div class=\"elementor-container elementor-column-gap-no\">\n\t\t\t\t\t<div class=\"elementor-column elementor-col-100 elementor-top-column elementor-element elementor-element-a5c8d04\" data-id=\"a5c8d04\" data-element_type=\"column\">\n\t\t\t<div class=\"elementor-widget-wrap elementor-element-populated\">\n\t\t\t\t\t\t\t\t<div class=\"elementor-element elementor-element-3cdc7b4 elementor-widget elementor-widget-Royarch-Global-Widgets-Services-Block4\" data-id=\"3cdc7b4\" data-element_type=\"widget\" data-widget_type=\"Royarch-Global-Widgets-Services-Block4.default\">\n\t\t\t\t<div class=\"elementor-widget-container\">\n\t\t\t\n\t\t<!-- services-section4\n\t\t\t================================================== -->\n\t\t<section class=\"services-section4\">\n\t\t\t<div class=\"services-box4\">\n\t\t\t\t\t\t\t\t\t<div class=\"services-post4\">\n\t\t\t\t\t\t<img src=\"http:\/\/fabric-lab.co\/royarch\/wp-content\/uploads\/sites\/9\/2021\/08\/service1.jpg\" alt>\n\t\t\t\t\t\t<div class=\"serv-content\">\n\t\t\t\t\t\t\t<a href=\"\">\n\t\t\t\t\t\t\t\t\t\t\t\t\t\t\t<span class=\"material-icons-outlined md-highlight\">\n\t\t\t\t\t\t\t\thighlight\t\t\t\t\t\t\t\t<\/span>\n\t\t\t\t\t\t\t\t\t\t\t\t\t\t\t<\/a>\n\t\t\t\t\t\t\t<h4>Smart Lightning<\/h4>\n\t\t\t\t\t\t\t<p>This is Photoshop&#039;s version of Lorem Ipsum. Proin gravida nibh vel lorem quis bibendum auctor, nisi elit consequat ipsum, nec sagittis sem nibh id elit uis sed odio sit amet. <\/p>\n\t\t\t\t\t\t<\/div>\n\t\t\t\t\t<\/div>\n\n                \t\t\t\t\t<div class=\"services-post4\">\n\t\t\t\t\t\t<img src=\"http:\/\/fabric-lab.co\/royarch\/wp-content\/uploads\/sites\/9\/2021\/08\/service2.jpg\" alt>\n\t\t\t\t\t\t<div class=\"serv-content\">\n\t\t\t\t\t\t\t<a href=\"\">\n\t\t\t\t\t\t\t\t\t\t\t\t\t\t\t<span class=\"material-icons-outlined md-settings_system_daydream\">\n\t\t\t\t\t\t\t\tsettings_system_daydream\t\t\t\t\t\t\t\t<\/span>\n\t\t\t\t\t\t\t\t\t\t\t\t\t\t\t<\/a>\n\t\t\t\t\t\t\t<h4>Advanced E-systems<\/h4>\n\t\t\t\t\t\t\t<p>This is Photoshop&#039;s version of Lorem Ipsum. Proin gravida nibh vel lorem quis bibendum auctor, nisi elit consequat ipsum, nec sagittis sem nibh id elit uis sed odio sit amet. <\/p>\n\t\t\t\t\t\t<\/div>\n\t\t\t\t\t<\/div>\n\n                \t\t\t\t\t<div class=\"services-post4\">\n\t\t\t\t\t\t<img src=\"http:\/\/fabric-lab.co\/royarch\/wp-content\/uploads\/sites\/9\/2021\/08\/service3.jpg\" alt>\n\t\t\t\t\t\t<div class=\"serv-content\">\n\t\t\t\t\t\t\t<a href=\"\">\n\t\t\t\t\t\t\t\t\t\t\t\t\t\t\t<span class=\"material-icons-outlined md-format_paint\">\n\t\t\t\t\t\t\t\tformat_paint\t\t\t\t\t\t\t\t<\/span>\n\t\t\t\t\t\t\t\t\t\t\t\t\t\t\t<\/a>\n\t\t\t\t\t\t\t<h4>Best Painting<\/h4>\n\t\t\t\t\t\t\t<p>This is Photoshop&#039;s version of Lorem Ipsum. Proin gravida nibh vel lorem quis bibendum auctor, nisi elit consequat ipsum, nec sagittis sem nibh id elit uis sed odio sit amet. <\/p>\n\t\t\t\t\t\t<\/div>\n\t\t\t\t\t<\/div>\n\n                \t\t\t<\/div>\n\n\t\t<\/section>\n\t\t<!-- End services-section4 -->\n    \n    \t\t<\/div>\n\t\t\t\t<\/div>\n\t\t\t\t\t<\/div>\n\t\t<\/div>\n\t\t\t\t\t\t\t<\/div>\n\t\t<\/section>\n\t\t\t\t<section class=\"elementor-section elementor-top-section elementor-element elementor-element-3906340 elementor-section-full_width elementor-section-height-default elementor-section-height-default\" data-id=\"3906340\" data-element_type=\"section\">\n\t\t\t\t\t\t<div class=\"elementor-container elementor-column-gap-no\">\n\t\t\t\t\t<div class=\"elementor-column elementor-col-100 elementor-top-column elementor-element elementor-element-4cfd652\" data-id=\"4cfd652\" data-element_type=\"column\">\n\t\t\t<div class=\"elementor-widget-wrap elementor-element-populated\">\n\t\t\t\t\t\t\t\t<div class=\"elementor-element elementor-element-0058d8e elementor-widget elementor-widget-Royarch-Global-Widgets-Services-Block5\" data-id=\"0058d8e\" data-element_type=\"widget\" data-widget_type=\"Royarch-Global-Widgets-Services-Block5.default\">\n\t\t\t\t<div class=\"elementor-widget-container\">\n\t\t\t\n\t\t<!-- services-section5\n\t\t\t================================================== -->\n\t\t<section class=\"services-section5\">\n\n\t\t\t<div class=\"container\">\n\t\t\t\t<div class=\"title-box\">\n\t\t\t\t\t<span>The art of building<\/span>\n\t\t\t\t\t<h2>Building Exellence<\/h2>\n\t\t\t\t<\/div>\n\t\t\t\t<div class=\"services-box5\">\n\t\t\t\t\t<div class=\"row\">\n\t\t\t\t\t\t                        <div class=\"col-lg-6\">\n\t\t\t\t\t\t\t<div class=\"services-post5\">\n\t\t\t\t\t\t\t\t<a href=\"\" class=\"icon\">\n\t\t\t\t\t\t\t\t\t\n\t\t\t\t\t\t\t\t\t\t\t\t\t\t\t\t\t\t\t<span class=\"material-icons-outlined md-filter_list\">\n\t\t\t\t\t\t\t\t\t\tfilter_list\t\t\t\t\t\t\t\t\t\t<\/span>\n\t\t\t\t\t\t\t\t\t\t\t\t\t\t\t\t\t\t<\/a>\n\t\t\t\t\t\t\t\t<div class=\"serv-content\">\n\t\t\t\t\t\t\t\t\t<h4>Creative Architecture designs<\/h4>\n\t\t\t\t\t\t\t\t\t<p>Lorem ipsum dolor sit amet, consectetur adipisicing elit sed do eiusmod tempor incididunt <\/p>\n\t\t\t\t\t\t\t\t<\/div>\n\t\t\t\t\t\t\t<\/div>\n\t\t\t\t\t\t<\/div>\n\n                                                <div class=\"col-lg-6\">\n\t\t\t\t\t\t\t<div class=\"services-post5\">\n\t\t\t\t\t\t\t\t<a href=\"\" class=\"icon\">\n\t\t\t\t\t\t\t\t\t\n\t\t\t\t\t\t\t\t\t\t\t\t\t\t\t\t\t\t\t<span class=\"material-icons-outlined md-home\">\n\t\t\t\t\t\t\t\t\t\thome\t\t\t\t\t\t\t\t\t\t<\/span>\n\t\t\t\t\t\t\t\t\t\t\t\t\t\t\t\t\t\t<\/a>\n\t\t\t\t\t\t\t\t<div class=\"serv-content\">\n\t\t\t\t\t\t\t\t\t<h4>Crafting at its best<\/h4>\n\t\t\t\t\t\t\t\t\t<p>Lorem ipsum dolor sit amet, consectetur adipisicing elit sed do eiusmod tempor incididunt <\/p>\n\t\t\t\t\t\t\t\t<\/div>\n\t\t\t\t\t\t\t<\/div>\n\t\t\t\t\t\t<\/div>\n\n                                                <div class=\"col-lg-6\">\n\t\t\t\t\t\t\t<div class=\"services-post5\">\n\t\t\t\t\t\t\t\t<a href=\"\" class=\"icon\">\n\t\t\t\t\t\t\t\t\t\n\t\t\t\t\t\t\t\t\t\t\t\t\t\t\t\t\t\t\t<span class=\"material-icons-outlined md-crop_rotate\">\n\t\t\t\t\t\t\t\t\t\tcrop_rotate\t\t\t\t\t\t\t\t\t\t<\/span>\n\t\t\t\t\t\t\t\t\t\t\t\t\t\t\t\t\t\t<\/a>\n\t\t\t\t\t\t\t\t<div class=\"serv-content\">\n\t\t\t\t\t\t\t\t\t<h4>The joy of Best Living<\/h4>\n\t\t\t\t\t\t\t\t\t<p>Lorem ipsum dolor sit amet, consectetur adipisicing elit sed do eiusmod tempor incididunt <\/p>\n\t\t\t\t\t\t\t\t<\/div>\n\t\t\t\t\t\t\t<\/div>\n\t\t\t\t\t\t<\/div>\n\n                                                <div class=\"col-lg-6\">\n\t\t\t\t\t\t\t<div class=\"services-post5\">\n\t\t\t\t\t\t\t\t<a href=\"\" class=\"icon\">\n\t\t\t\t\t\t\t\t\t\n\t\t\t\t\t\t\t\t\t\t\t\t\t\t\t\t\t\t\t<span class=\"material-icons-outlined md-emoji_transportation\">\n\t\t\t\t\t\t\t\t\t\temoji_transportation\t\t\t\t\t\t\t\t\t\t<\/span>\n\t\t\t\t\t\t\t\t\t\t\t\t\t\t\t\t\t\t<\/a>\n\t\t\t\t\t\t\t\t<div class=\"serv-content\">\n\t\t\t\t\t\t\t\t\t<h4>Building good foundations<\/h4>\n\t\t\t\t\t\t\t\t\t<p>Lorem ipsum dolor sit amet, consectetur adipisicing elit sed do eiusmod tempor incididunt <\/p>\n\t\t\t\t\t\t\t\t<\/div>\n\t\t\t\t\t\t\t<\/div>\n\t\t\t\t\t\t<\/div>\n\n                                                <div class=\"col-lg-6\">\n\t\t\t\t\t\t\t<div class=\"services-post5\">\n\t\t\t\t\t\t\t\t<a href=\"\" class=\"icon\">\n\t\t\t\t\t\t\t\t\t\n\t\t\t\t\t\t\t\t\t\t\t\t\t\t\t\t\t\t\t<span class=\"material-icons-outlined md-straighten\">\n\t\t\t\t\t\t\t\t\t\tstraighten\t\t\t\t\t\t\t\t\t\t<\/span>\n\t\t\t\t\t\t\t\t\t\t\t\t\t\t\t\t\t\t<\/a>\n\t\t\t\t\t\t\t\t<div class=\"serv-content\">\n\t\t\t\t\t\t\t\t\t<h4>Professional Planning<\/h4>\n\t\t\t\t\t\t\t\t\t<p>Lorem ipsum dolor sit amet, consectetur adipisicing elit sed do eiusmod tempor incididunt <\/p>\n\t\t\t\t\t\t\t\t<\/div>\n\t\t\t\t\t\t\t<\/div>\n\t\t\t\t\t\t<\/div>\n\n                                                <div class=\"col-lg-6\">\n\t\t\t\t\t\t\t<div class=\"services-post5\">\n\t\t\t\t\t\t\t\t<a href=\"\" class=\"icon\">\n\t\t\t\t\t\t\t\t\t\n\t\t\t\t\t\t\t\t\t\t\t\t\t\t\t\t\t\t\t<span class=\"material-icons-outlined md-highlight\">\n\t\t\t\t\t\t\t\t\t\thighlight\t\t\t\t\t\t\t\t\t\t<\/span>\n\t\t\t\t\t\t\t\t\t\t\t\t\t\t\t\t\t\t<\/a>\n\t\t\t\t\t\t\t\t<div class=\"serv-content\">\n\t\t\t\t\t\t\t\t\t<h4>Quality what you want Today<\/h4>\n\t\t\t\t\t\t\t\t\t<p>Lorem ipsum dolor sit amet, consectetur adipisicing elit sed do eiusmod tempor incididunt <\/p>\n\t\t\t\t\t\t\t\t<\/div>\n\t\t\t\t\t\t\t<\/div>\n\t\t\t\t\t\t<\/div>\n\n                        \t\t\t\t\t<\/div>\n\t\t\t\t<\/div>\n\t\t\t<\/div>\n\n\t\t<\/section>\n\t\t<!-- End services-section5 -->\n    \n    \t\t<\/div>\n\t\t\t\t<\/div>\n\t\t\t\t\t<\/div>\n\t\t<\/div>\n\t\t\t\t\t\t\t<\/div>\n\t\t<\/section>\n\t\t\t\t\t\t\t<\/div>","protected":false},"excerpt":{"rendered":"<p>Spice up your living Enhance your future Design Complex architecture, design by interior designer Planning We provide you with the incomparable designs Analysis Choose the style, we complete with our file Support Cast your impression with a design Enhance your future Innovation stylish ideas Planning Lorem ipsum dolor sit amet, consectetur adipisicing elit sed do <\/p>","protected":false},"author":1,"featured_media":0,"parent":0,"menu_order":0,"comment_status":"closed","ping_status":"closed","template":"","meta":[],"acf":[],"_links":{"self":[{"href":"https:\/\/aldex-ks.com\/sq\/wp-json\/wp\/v2\/pages\/153"}],"collection":[{"href":"https:\/\/aldex-ks.com\/sq\/wp-json\/wp\/v2\/pages"}],"about":[{"href":"https:\/\/aldex-ks.com\/sq\/wp-json\/wp\/v2\/types\/page"}],"author":[{"embeddable":true,"href":"https:\/\/aldex-ks.com\/sq\/wp-json\/wp\/v2\/users\/1"}],"replies":[{"embeddable":true,"href":"https:\/\/aldex-ks.com\/sq\/wp-json\/wp\/v2\/comments?post=153"}],"version-history":[{"count":0,"href":"https:\/\/aldex-ks.com\/sq\/wp-json\/wp\/v2\/pages\/153\/revisions"}],"wp:attachment":[{"href":"https:\/\/aldex-ks.com\/sq\/wp-json\/wp\/v2\/media?parent=153"}],"curies":[{"name":"wp","href":"https:\/\/api.w.org\/{rel}","templated":true}]}}