{"id":3,"date":"2022-07-12T18:51:11","date_gmt":"2022-07-12T18:51:11","guid":{"rendered":"http:\/\/aldex-ks.com\/?page_id=3"},"modified":"2022-11-19T18:03:24","modified_gmt":"2022-11-19T18:03:24","slug":"privacy-policy","status":"publish","type":"page","link":"https:\/\/aldex-ks.com\/sq\/privacy-policy\/","title":{"rendered":"Politika e privat\u00ebsis\u00eb"},"content":{"rendered":"<div data-elementor-type=\"wp-page\" data-elementor-id=\"3\" class=\"elementor elementor-3\">\n\t\t\t\t\t\t\t\t\t<section class=\"elementor-section elementor-top-section elementor-element elementor-element-6c949fdb elementor-section-boxed elementor-section-height-default elementor-section-height-default\" data-id=\"6c949fdb\" data-element_type=\"section\">\n\t\t\t\t\t\t<div class=\"elementor-container elementor-column-gap-default\">\n\t\t\t\t\t<div class=\"elementor-column elementor-col-100 elementor-top-column elementor-element elementor-element-3974db8d\" data-id=\"3974db8d\" data-element_type=\"column\">\n\t\t\t<div class=\"elementor-widget-wrap elementor-element-populated\">\n\t\t\t\t\t\t\t\t<div class=\"elementor-element elementor-element-7c73203e elementor-widget elementor-widget-text-editor\" data-id=\"7c73203e\" data-element_type=\"widget\" data-widget_type=\"text-editor.default\">\n\t\t\t\t<div class=\"elementor-widget-container\">\n\t\t\t<style>\/*! elementor - v3.7.0 - 08-08-2022 *\/\n.elementor-widget-text-editor.elementor-drop-cap-view-stacked .elementor-drop-cap{background-color:#818a91;color:#fff}.elementor-widget-text-editor.elementor-drop-cap-view-framed .elementor-drop-cap{color:#818a91;border:3px solid;background-color:transparent}.elementor-widget-text-editor:not(.elementor-drop-cap-view-default) .elementor-drop-cap{margin-top:8px}.elementor-widget-text-editor:not(.elementor-drop-cap-view-default) .elementor-drop-cap-letter{width:1em;height:1em}.elementor-widget-text-editor .elementor-drop-cap{float:left;text-align:center;line-height:1;font-size:50px}.elementor-widget-text-editor .elementor-drop-cap-letter{display:inline-block}<\/style>\t\t\t\t<!-- wp:heading -->\n<h2>Mbrojtja e t\u00eb dh\u00ebnave<\/h2>\n<p>N\u00eb Aldex Group, e aksesueshme nga https:\/\/aldex-ks.com\/, nj\u00eb nga prioritetet tona kryesore \u00ebsht\u00eb privat\u00ebsia e vizitor\u00ebve tan\u00eb. Ky dokument i Politik\u00ebs s\u00eb Privat\u00ebsis\u00eb p\u00ebrmban lloje t\u00eb informacionit q\u00eb mblidhet dhe regjistrohet nga Aldex Group dhe si e p\u00ebrdorim at\u00eb.<\/p>\n<p>N\u00ebse keni pyetje shtes\u00eb ose k\u00ebrkoni m\u00eb shum\u00eb informacion n\u00eb lidhje me Politik\u00ebn ton\u00eb t\u00eb Privat\u00ebsis\u00eb, mos hezitoni t\u00eb na kontaktoni.<\/p>\n<p>Kjo Politik\u00eb e Privat\u00ebsis\u00eb zbatohet vet\u00ebm p\u00ebr aktivitetet tona n\u00eb internet dhe \u00ebsht\u00eb e vlefshme p\u00ebr vizitor\u00ebt e faqes son\u00eb t\u00eb internetit n\u00eb lidhje me informacionin q\u00eb ata shp\u00ebrndan\u00eb dhe\/ose mbledhin n\u00eb Aldex Group. Kjo politik\u00eb nuk zbatohet p\u00ebr asnj\u00eb informacion t\u00eb mbledhur jasht\u00eb linje ose n\u00ebp\u00ebrmjet kanaleve t\u00eb tjera p\u00ebrve\u00e7 k\u00ebsaj faqe interneti.\u00a0<\/p>\n<h2>P\u00eblqimi<\/h2>\n<p>Duke p\u00ebrdorur faqen ton\u00eb t\u00eb internetit, ju pranoni politik\u00ebn ton\u00eb t\u00eb privat\u00ebsis\u00eb dhe pranoni kushtet e saj.<\/p>\n<h2>Informacioni q\u00eb mbledhim<\/h2>\n<p>Informacioni personal q\u00eb ju k\u00ebrkohet t\u00eb jepni dhe arsyet pse ju k\u00ebrkohet t'i jepni ato, do t'ju b\u00ebhen t\u00eb qarta n\u00eb momentin kur ne ju k\u00ebrkojm\u00eb t\u00eb jepni informacionin tuaj personal.<\/p>\n<p>N\u00ebse na kontaktoni drejtp\u00ebrdrejt, ne mund t\u00eb marrim informacion shtes\u00eb rreth jush, si emrin, adres\u00ebn e emailit, numrin e telefonit, p\u00ebrmbajtjen e mesazhit dhe\/ose bashk\u00ebngjitjet q\u00eb mund t\u00eb na d\u00ebrgoni dhe \u00e7do informacion tjet\u00ebr q\u00eb mund t\u00eb zgjidhni t\u00eb jepni.<\/p>\n<p>Kur regjistroheni p\u00ebr nj\u00eb llogari, ne mund t\u00eb k\u00ebrkojm\u00eb informacionin tuaj t\u00eb kontaktit, duke p\u00ebrfshir\u00eb artikuj t\u00eb till\u00eb si emri, emri i kompanis\u00eb, adresa, adresa e emailit dhe numri i telefonit.<\/p>\n<h2>Si e p\u00ebrdorim informacionin tuaj<\/h2>\n<p>Ne p\u00ebrdorim informacionin q\u00eb mbledhim n\u00eb m\u00ebnyra t\u00eb ndryshme, duke p\u00ebrfshir\u00eb:<\/p>\n<ul>\n<li>Siguroni, operoni dhe mir\u00ebmbani faqen ton\u00eb t\u00eb internetit<\/li>\n<li>P\u00ebrmir\u00ebsoni, personalizoni dhe zgjeroni faqen ton\u00eb t\u00eb internetit<\/li>\n<li>Kuptoni dhe analizoni se si e p\u00ebrdorni faqen ton\u00eb t\u00eb internetit<\/li>\n<li>Zhvilloni produkte, sh\u00ebrbime, ve\u00e7ori dhe funksionalitete t\u00eb reja<\/li>\n<li>Komunikoni me ju, ose drejtp\u00ebrdrejt ose n\u00ebp\u00ebrmjet nj\u00eb prej partner\u00ebve tan\u00eb, duke p\u00ebrfshir\u00eb sh\u00ebrbimin ndaj klientit, p\u00ebr t'ju ofruar p\u00ebrdit\u00ebsime dhe informacione t\u00eb tjera n\u00eb lidhje me faqen e internetit, dhe p\u00ebr q\u00ebllime marketingu dhe promovimi<\/li>\n<li>Ju d\u00ebrgojm\u00eb email<\/li>\n<li>Gjeni dhe parandaloni mashtrimin<\/li>\n<\/ul>\n<h2>Skedar\u00ebt e regjistrit<\/h2>\n<p>Aldex Group ndjek nj\u00eb procedur\u00eb standarde t\u00eb p\u00ebrdorimit t\u00eb skedar\u00ebve log. K\u00ebta skedar\u00eb regjistrojn\u00eb vizitor\u00ebt kur vizitojn\u00eb faqet e internetit. T\u00eb gjitha kompanit\u00eb prit\u00ebse e b\u00ebjn\u00eb k\u00ebt\u00eb dhe nj\u00eb pjes\u00eb e analitik\u00ebs s\u00eb sh\u00ebrbimeve t\u00eb pritjes. Informacioni i mbledhur nga skedar\u00ebt e regjistrave p\u00ebrfshin adresat e protokollit t\u00eb internetit (IP), llojin e shfletuesit, Ofruesin e Sh\u00ebrbimit t\u00eb Internetit (ISP), vul\u00ebn e dat\u00ebs dhe or\u00ebs, faqet referuese\/dal\u00ebse dhe mund\u00ebsisht numrin e klikimeve. K\u00ebto nuk jan\u00eb t\u00eb lidhura me asnj\u00eb informacion q\u00eb \u00ebsht\u00eb personalisht i identifikuesh\u00ebm. Q\u00ebllimi i informacionit \u00ebsht\u00eb analizimi i tendencave, administrimi i faqes, gjurmimi i l\u00ebvizjes s\u00eb p\u00ebrdoruesve n\u00eb faqen e internetit dhe mbledhja e informacionit demografik.<\/p>\n<h2>Politikat e Privat\u00ebsis\u00eb s\u00eb Partner\u00ebve t\u00eb Reklamimit<\/h2>\n<p>Ju mund t\u00eb konsultoni k\u00ebt\u00eb list\u00eb p\u00ebr t\u00eb gjetur Politik\u00ebn e Privat\u00ebsis\u00eb p\u00ebr secilin prej partner\u00ebve reklamues t\u00eb Aldex Group.<\/p>\n<p>Server\u00ebt e reklamave t\u00eb pal\u00ebve t\u00eb treta ose rrjetet e reklamave p\u00ebrdorin teknologji si cookies, JavaScript ose Web Beacons q\u00eb p\u00ebrdoren n\u00eb reklamat e tyre p\u00ebrkat\u00ebse dhe lidhjet q\u00eb shfaqen n\u00eb Aldex Group, t\u00eb cilat d\u00ebrgohen drejtp\u00ebrdrejt n\u00eb shfletuesin e p\u00ebrdoruesve. Ata marrin automatikisht adres\u00ebn tuaj IP kur kjo ndodh. K\u00ebto teknologji p\u00ebrdoren p\u00ebr t\u00eb matur efektivitetin e fushatave t\u00eb tyre reklamuese dhe\/ose p\u00ebr t\u00eb personalizuar p\u00ebrmbajtjen reklamuese q\u00eb shihni n\u00eb faqet e internetit q\u00eb vizitoni.<\/p>\n<p>Vini re se Aldex Group nuk ka akses ose kontroll mbi k\u00ebto cookie q\u00eb p\u00ebrdoren nga reklamues t\u00eb pal\u00ebve t\u00eb treta.<\/p>\n<h2>Politikat e privat\u00ebsis\u00eb s\u00eb pal\u00ebve t\u00eb treta<\/h2>\n<p>Politika e Privat\u00ebsis\u00eb s\u00eb Aldex Group nuk zbatohet p\u00ebr reklamuesit ose faqet e tjera t\u00eb internetit. K\u00ebshtu, ne po ju k\u00ebshillojm\u00eb q\u00eb t\u00eb konsultoheni me Politikat p\u00ebrkat\u00ebse t\u00eb Privat\u00ebsis\u00eb t\u00eb k\u00ebtyre server\u00ebve t\u00eb reklamave t\u00eb pal\u00ebve t\u00eb treta p\u00ebr informacion m\u00eb t\u00eb detajuar. Mund t\u00eb p\u00ebrfshij\u00eb praktikat dhe udh\u00ebzimet e tyre se si t\u00eb t\u00ebrhiqeni nga disa opsione.<\/p>\n<p>Ju mund t\u00eb zgjidhni t\u00eb \u00e7aktivizoni cookies p\u00ebrmes opsioneve individuale t\u00eb shfletuesit tuaj. P\u00ebr t\u00eb ditur m\u00eb shum\u00eb informacion t\u00eb detajuar rreth menaxhimit t\u00eb cookie-ve me shfletues t\u00eb ve\u00e7ant\u00eb t\u00eb internetit, ai mund t\u00eb gjendet n\u00eb faqet e internetit p\u00ebrkat\u00ebse t\u00eb shfletuesve.<\/p>\n<h2>T\u00eb drejtat e privat\u00ebsis\u00eb CCPA\u00a0<\/h2>\n<p>Sipas CCPA, nd\u00ebr t\u00eb drejtat e tjera, konsumator\u00ebt e Kalifornis\u00eb kan\u00eb t\u00eb drejt\u00eb t\u00eb:<\/p>\n<p>K\u00ebrkoni q\u00eb nj\u00eb biznes q\u00eb mbledh t\u00eb dh\u00ebnat personale t\u00eb nj\u00eb konsumatori t\u00eb zbuloj\u00eb kategorit\u00eb dhe pjes\u00ebt specifike t\u00eb t\u00eb dh\u00ebnave personale q\u00eb nj\u00eb biznes ka mbledhur p\u00ebr konsumator\u00ebt.<\/p>\n<p>K\u00ebrkoni q\u00eb nj\u00eb biznesi t\u00eb fshij\u00eb \u00e7do t\u00eb dh\u00ebn\u00eb personale p\u00ebr konsumatorin q\u00eb nj\u00eb biznes ka mbledhur.<\/p>\n<p>K\u00ebrkoni q\u00eb nj\u00eb biznes q\u00eb shet t\u00eb dh\u00ebnat personale t\u00eb nj\u00eb konsumatori, t\u00eb mos shes\u00eb t\u00eb dh\u00ebnat personale t\u00eb konsumatorit.<\/p>\n<p>N\u00ebse b\u00ebni nj\u00eb k\u00ebrkes\u00eb, ne kemi nj\u00eb muaj koh\u00eb p\u00ebr t'ju p\u00ebrgjigjur. N\u00ebse d\u00ebshironi t\u00eb ushtroni ndonj\u00eb nga k\u00ebto t\u00eb drejta, ju lutemi na kontaktoni.<\/p>\n<h2>T\u00eb drejtat e mbrojtjes s\u00eb t\u00eb dh\u00ebnave GDPR<\/h2>\n<p>Ne d\u00ebshirojm\u00eb t\u00eb sigurohemi q\u00eb ju jeni plot\u00ebsisht t\u00eb vet\u00ebdijsh\u00ebm p\u00ebr t\u00eb gjitha t\u00eb drejtat tuaja p\u00ebr mbrojtjen e t\u00eb dh\u00ebnave. \u00c7do p\u00ebrdorues ka t\u00eb drejt\u00eb p\u00ebr sa vijon:<\/p>\n<p>E drejta p\u00ebr akses \u2013 Ju keni t\u00eb drejt\u00eb t\u00eb k\u00ebrkoni kopje t\u00eb t\u00eb dh\u00ebnave tuaja personale. Ne mund t'ju paguajm\u00eb nj\u00eb tarif\u00eb t\u00eb vog\u00ebl p\u00ebr k\u00ebt\u00eb sh\u00ebrbim.<\/p>\n<p>E drejta p\u00ebr korrigjim \u2013 Ju keni t\u00eb drejt\u00ebn t\u00eb k\u00ebrkoni q\u00eb ne t\u00eb korrigjojm\u00eb \u00e7do informacion q\u00eb mendoni se \u00ebsht\u00eb i pasakt\u00eb. Ju gjithashtu keni t\u00eb drejt\u00eb t\u00eb k\u00ebrkoni q\u00eb ne t\u00eb plot\u00ebsojm\u00eb informacionin q\u00eb mendoni se \u00ebsht\u00eb i paplot\u00eb.<\/p>\n<p>E drejta e fshirjes \u2013 Ju keni t\u00eb drejt\u00eb t\u00eb k\u00ebrkoni q\u00eb ne t\u00eb fshijm\u00eb t\u00eb dh\u00ebnat tuaja personale, n\u00eb kushte t\u00eb caktuara.<\/p>\n<p>The right to restrict processing \u2013 You have the right to request that we restrict the processing of your personal data, under certain conditions.<\/p>\n<p>E drejta p\u00ebr t\u00eb kund\u00ebrshtuar p\u00ebrpunimin \u2013 Ju keni t\u00eb drejt\u00eb t\u00eb kund\u00ebrshtoni p\u00ebrpunimin ton\u00eb t\u00eb t\u00eb dh\u00ebnave tuaja personale, n\u00eb kushte t\u00eb caktuara.<\/p>\n<p>E drejta p\u00ebr transportueshm\u00ebri t\u00eb t\u00eb dh\u00ebnave \u2013 Ju keni t\u00eb drejt\u00eb t\u00eb k\u00ebrkoni q\u00eb ne t'i transferojm\u00eb t\u00eb dh\u00ebnat q\u00eb kemi mbledhur n\u00eb nj\u00eb organizat\u00eb tjet\u00ebr, ose drejtp\u00ebrdrejt te ju, n\u00eb kushte t\u00eb caktuara.<\/p>\n<p>N\u00ebse b\u00ebni nj\u00eb k\u00ebrkes\u00eb, ne kemi nj\u00eb muaj koh\u00eb p\u00ebr t'ju p\u00ebrgjigjur. N\u00ebse d\u00ebshironi t\u00eb ushtroni ndonj\u00eb nga k\u00ebto t\u00eb drejta, ju lutemi na kontaktoni.<\/p>\n<h2>Informacione p\u00ebr F\u00ebmij\u00ebt<\/h2>\n<p>Nj\u00eb pjes\u00eb tjet\u00ebr e prioritetit ton\u00eb \u00ebsht\u00eb shtimi i mbrojtjes p\u00ebr f\u00ebmij\u00ebt gjat\u00eb p\u00ebrdorimit t\u00eb internetit. Ne inkurajojm\u00eb prind\u00ebrit dhe kujdestar\u00ebt t\u00eb v\u00ebzhgojn\u00eb, t\u00eb marrin pjes\u00eb dhe\/ose t\u00eb monitorojn\u00eb dhe drejtojn\u00eb aktivitetin e tyre n\u00eb internet.<\/p>\n<p>Aldex Group nuk mbledh me vet\u00ebdije asnj\u00eb informacion personal t\u00eb identifikuesh\u00ebm nga f\u00ebmij\u00ebt n\u00ebn mosh\u00ebn 13 vje\u00e7. N\u00ebse mendoni se f\u00ebmija juaj ka dh\u00ebn\u00eb k\u00ebt\u00eb lloj informacioni n\u00eb faqen ton\u00eb t\u00eb internetit, ju inkurajojm\u00eb fuqimisht t\u00eb na kontaktoni menj\u00ebher\u00eb dhe ne do t\u00eb b\u00ebjm\u00eb \u00e7do p\u00ebrpjekje p\u00ebr t\u00eb hiqni nj\u00eb informacion t\u00eb till\u00eb nga t\u00eb dh\u00ebnat tona.<\/p>\n<!-- \/wp:paragraph -->\t\t\t\t\t\t<\/div>\n\t\t\t\t<\/div>\n\t\t\t\t\t<\/div>\n\t\t<\/div>\n\t\t\t\t\t\t\t<\/div>\n\t\t<\/section>\n\t\t\t\t\t\t\t<\/div>","protected":false},"excerpt":{"rendered":"<p>Data Protection At Aldex Group, accessible from https:\/\/aldex-ks.com\/, one of our main priorities is the privacy of our visitors. This Privacy Policy document contains types of information that is collected and recorded by Aldex Group and how we use it. If you have additional questions or require more information about our Privacy Policy, do not <\/p>","protected":false},"author":1,"featured_media":0,"parent":0,"menu_order":0,"comment_status":"closed","ping_status":"closed","template":"","meta":[],"acf":[],"_links":{"self":[{"href":"https:\/\/aldex-ks.com\/sq\/wp-json\/wp\/v2\/pages\/3"}],"collection":[{"href":"https:\/\/aldex-ks.com\/sq\/wp-json\/wp\/v2\/pages"}],"about":[{"href":"https:\/\/aldex-ks.com\/sq\/wp-json\/wp\/v2\/types\/page"}],"author":[{"embeddable":true,"href":"https:\/\/aldex-ks.com\/sq\/wp-json\/wp\/v2\/users\/1"}],"replies":[{"embeddable":true,"href":"https:\/\/aldex-ks.com\/sq\/wp-json\/wp\/v2\/comments?post=3"}],"version-history":[{"count":3,"href":"https:\/\/aldex-ks.com\/sq\/wp-json\/wp\/v2\/pages\/3\/revisions"}],"predecessor-version":[{"id":3452,"href":"https:\/\/aldex-ks.com\/sq\/wp-json\/wp\/v2\/pages\/3\/revisions\/3452"}],"wp:attachment":[{"href":"https:\/\/aldex-ks.com\/sq\/wp-json\/wp\/v2\/media?parent=3"}],"curies":[{"name":"wp","href":"https:\/\/api.w.org\/{rel}","templated":true}]}}