{"id":561,"date":"2021-07-31T15:02:31","date_gmt":"2021-07-31T15:02:31","guid":{"rendered":"http:\/\/localhost:8888\/royarch\/?page_id=561"},"modified":"2022-11-18T16:18:44","modified_gmt":"2022-11-18T16:18:44","slug":"contact","status":"publish","type":"page","link":"https:\/\/aldex-ks.com\/sq\/contact\/","title":{"rendered":"Kontakti"},"content":{"rendered":"<div data-elementor-type=\"wp-page\" data-elementor-id=\"561\" class=\"elementor elementor-561\">\n\t\t\t\t\t\t\t\t\t<section class=\"elementor-section elementor-top-section elementor-element elementor-element-af80569 elementor-section-full_width elementor-section-height-default elementor-section-height-default\" data-id=\"af80569\" data-element_type=\"section\">\n\t\t\t\t\t\t<div class=\"elementor-container elementor-column-gap-no\">\n\t\t\t\t\t<div class=\"elementor-column elementor-col-100 elementor-top-column elementor-element elementor-element-e94a60a\" data-id=\"e94a60a\" data-element_type=\"column\">\n\t\t\t<div class=\"elementor-widget-wrap elementor-element-populated\">\n\t\t\t\t\t\t\t\t<div class=\"elementor-element elementor-element-e4270b4 elementor-widget elementor-widget-Royarch-Global-Widgets-Contact-Block\" data-id=\"e4270b4\" data-element_type=\"widget\" data-widget_type=\"Royarch-Global-Widgets-Contact-Block.default\">\n\t\t\t\t<div class=\"elementor-widget-container\">\n\t\t\t\r\n\t\t<!-- contact-info-section \r\n\t\t\t================================================== -->\r\n\t\t<section class=\"contact-info-section\">\r\n\r\n\t\t\t<div class=\"container\">\r\n\t\t\t\t<div class=\"title-box\">\r\n\t\t\t\t\t<span>Kontaktoni<\/span>\r\n\t\t\t\t\t<h2>Na Kontaktoni n\u00eb<\/h2>\r\n\t\t\t\t<\/div>\r\n\t\t\t\t<div class=\"contact-info-box\">\r\n\t\t\t\t\t<div class=\"row g-0\">\r\n\t\t\t\t\t\t\t\t\t\t\t\t\t<div class=\"col-lg-4\">\r\n\t\t\t\t\t\t\t\t<div class=\"contact-info-post\">\r\n\t\t\t\t\t\t\t\t\t<i aria-hidden=\"true\" class=\"fas fa-phone\"><\/i>\t\t\t\t\t\t\t\t\t<div class=\"info-content\">\r\n\t\t\t\t\t\t\t\t\t\t<h4>Tavolin\u00eb informacioni<\/h4>\r\n\t\t\t\t\t\t\t\t\t\t<p>+383 045 505 010 <\/p>\r\n\t\t\t\t\t\t\t\t\t<\/div>\r\n\t\t\t\t\t\t\t\t<\/div>\r\n\t\t\t\t\t\t\t<\/div>\r\n\t\t\t\t\t\t\t\t\t\t\t\t\t<div class=\"col-lg-4\">\r\n\t\t\t\t\t\t\t\t<div class=\"contact-info-post\">\r\n\t\t\t\t\t\t\t\t\t<i aria-hidden=\"true\" class=\"fas fa-clock\"><\/i>\t\t\t\t\t\t\t\t\t<div class=\"info-content\">\r\n\t\t\t\t\t\t\t\t\t\t<h4>Or\u00ebt e pun\u00ebs<\/h4>\r\n\t\t\t\t\t\t\t\t\t\t<p>E h\u00ebn\u00eb - e shtun\u00eb \/ 08:00-18:00 <\/p>\r\n\t\t\t\t\t\t\t\t\t<\/div>\r\n\t\t\t\t\t\t\t\t<\/div>\r\n\t\t\t\t\t\t\t<\/div>\r\n\t\t\t\t\t\t\t\t\t\t\t\t\t<div class=\"col-lg-4\">\r\n\t\t\t\t\t\t\t\t<div class=\"contact-info-post\">\r\n\t\t\t\t\t\t\t\t\t<i aria-hidden=\"true\" class=\"fas fa-map-marker-alt\"><\/i>\t\t\t\t\t\t\t\t\t<div class=\"info-content\">\r\n\t\t\t\t\t\t\t\t\t\t<h4>Adresa<\/h4>\r\n\t\t\t\t\t\t\t\t\t\t<p>Rr. Zhuj\u00eb  Selmani, Pej\u00eb, Kosovo <\/p>\r\n\t\t\t\t\t\t\t\t\t<\/div>\r\n\t\t\t\t\t\t\t\t<\/div>\r\n\t\t\t\t\t\t\t<\/div>\r\n\t\t\t\t\t\t\r\n\t\t\t\t\t<\/div>\r\n\t\t\t\t<\/div>\r\n\t\t\t\t<div class=\"contact-form-box\">\r\n\t\t\t\t\t<div class=\"row g-0\">\r\n\t\t\t\t\t\t<div class=\"col-lg-8\">\r\n\t\t\t\t\t\t\t<div id=\"contact-form\">\r\n\t\t\t\t\t\t\t\t<p><div role=\"form\" class=\"wpcf7\" id=\"wpcf7-f23-o1\" lang=\"en-US\" dir=\"ltr\">\n<div class=\"screen-reader-response\"><p role=\"status\" aria-live=\"polite\" aria-atomic=\"true\"><\/p> <ul><\/ul><\/div>\n<form action=\"\/sq\/wp-json\/wp\/v2\/pages\/561#wpcf7-f23-o1\" method=\"post\" class=\"wpcf7-form init\" novalidate=\"novalidate\" data-status=\"init\" data-trp-original-action=\"\/sq\/wp-json\/wp\/v2\/pages\/561#wpcf7-f23-o1\">\n<div style=\"display: none;\">\n<input type=\"hidden\" name=\"_wpcf7\" value=\"23\" \/>\n<input type=\"hidden\" name=\"_wpcf7_version\" value=\"5.6.1\" \/>\n<input type=\"hidden\" name=\"_wpcf7_locale\" value=\"en_US\" \/>\n<input type=\"hidden\" name=\"_wpcf7_unit_tag\" value=\"wpcf7-f23-o1\" \/>\n<input type=\"hidden\" name=\"_wpcf7_container_post\" value=\"0\" \/>\n<input type=\"hidden\" name=\"_wpcf7_posted_data_hash\" value=\"\" \/>\n<input type=\"hidden\" name=\"_wpcf7_recaptcha_response\" value=\"\" \/>\n<\/div>\n<h4>D\u00ebrgo mesazh<\/h4>\n<div class=\"row\">\n<div class=\"col-md-6\">\n<div class=\"input-line\">\n            <label for=\"your-name\"><i class=\"fas fa-user\"><\/i><\/label><br \/>\n            <span class=\"wpcf7-form-control-wrap\" data-name=\"your-name\"><input type=\"text\" name=\"your-name\" value=\"\" size=\"40\" class=\"wpcf7-form-control wpcf7-text wpcf7-validates-as-required\" aria-required=\"true\" aria-invalid=\"false\" placeholder=\"Emri\" \/><\/span>\n        <\/div>\n<div class=\"input-line\">\n            <label for=\"your-mail\"><i class=\"far fa-envelope\"><\/i><\/label><br \/>\n            <span class=\"wpcf7-form-control-wrap\" data-name=\"your-email\"><input type=\"email\" name=\"your-email\" value=\"\" size=\"40\" class=\"wpcf7-form-control wpcf7-text wpcf7-email wpcf7-validates-as-required wpcf7-validates-as-email\" aria-required=\"true\" aria-invalid=\"false\" placeholder=\"Email\" \/><\/span>\n        <\/div>\n<div class=\"input-line\">\n            <label for=\"your-subject\"><i class=\"fas fa-link\"><\/i><\/label><br \/>\n            <span class=\"wpcf7-form-control-wrap\" data-name=\"your-subject\"><input type=\"text\" name=\"your-subject\" value=\"\" size=\"40\" class=\"wpcf7-form-control wpcf7-text wpcf7-validates-as-required\" aria-required=\"true\" aria-invalid=\"false\" placeholder=\"Subjekti\" \/><\/span>\n        <\/div>\n<\/div>\n<div class=\"col-md-6\">\n<div class=\"input-line\">\n            <span class=\"wpcf7-form-control-wrap\" data-name=\"your-message\"><textarea name=\"your-message\" cols=\"40\" rows=\"10\" class=\"wpcf7-form-control wpcf7-textarea\" aria-invalid=\"false\" placeholder=\"Mesazhi\"><\/textarea><\/span>\n        <\/div>\n<div style=\"position:relative; z-index:1;\"><input type=\"submit\" value=\"D\u00ebrgo\" class=\"wpcf7-form-control has-spinner wpcf7-submit\" \/><\/div>\n<\/div>\n<\/div>\n<div class=\"wpcf7-response-output\" aria-hidden=\"true\"><\/div><input type=\"hidden\" name=\"trp-form-language\" value=\"sq\"\/><\/form><\/div><\/p>\t\t\t\t\t\t\t<\/div>\r\n\t\t\t\t\t\t<\/div>\r\n\t\t\t\t\t\t<div class=\"col-lg-4\">\r\n\t\t\t\t\t\t\t<div id=\"map\">\r\n\t\t\t\t\t\t\t\t<div class=\"elementor-custom-embed\"><iframe frameborder=\"0\" scrolling=\"no\" marginheight=\"0\" marginwidth=\"0\" src=\"https:\/\/maps.google.com\/maps?q=Aldex+Qeramika%2C+Rruga+e+Birraris%C3%AB%2C+Pej%C3%AB&amp;t=m&amp;z=16&amp;output=embed&amp;iwloc=near\"><\/iframe><\/div>\t\t\t\t\t\t\t<\/div>\r\n\t\t\t\t\t\t<\/div>\r\n\t\t\t\t\t<\/div>\r\n\t\t\t\t<\/div>\r\n\t\t\t<\/div>\r\n\r\n\t\t<\/section>\r\n\t\t<!-- End contact-info-section -->\r\n\t\t\t\r\n    \r\n    \t\t<\/div>\n\t\t\t\t<\/div>\n\t\t\t\t\t<\/div>\n\t\t<\/div>\n\t\t\t\t\t\t\t<\/div>\n\t\t<\/section>\n\t\t\t\t\t\t\t<\/div>","protected":false},"excerpt":{"rendered":"<p>Get in touch Contact us Information Desk +383 045 505 010 Working Hours Monday &#8211; Saturday \/ 08:00-18:00 Address Rr. Zhuj\u00eb Selmani, Pej\u00eb, Kosovo Send message<\/p>","protected":false},"author":1,"featured_media":0,"parent":0,"menu_order":0,"comment_status":"closed","ping_status":"closed","template":"","meta":[],"acf":[],"_links":{"self":[{"href":"https:\/\/aldex-ks.com\/sq\/wp-json\/wp\/v2\/pages\/561"}],"collection":[{"href":"https:\/\/aldex-ks.com\/sq\/wp-json\/wp\/v2\/pages"}],"about":[{"href":"https:\/\/aldex-ks.com\/sq\/wp-json\/wp\/v2\/types\/page"}],"author":[{"embeddable":true,"href":"https:\/\/aldex-ks.com\/sq\/wp-json\/wp\/v2\/users\/1"}],"replies":[{"embeddable":true,"href":"https:\/\/aldex-ks.com\/sq\/wp-json\/wp\/v2\/comments?post=561"}],"version-history":[{"count":22,"href":"https:\/\/aldex-ks.com\/sq\/wp-json\/wp\/v2\/pages\/561\/revisions"}],"predecessor-version":[{"id":3354,"href":"https:\/\/aldex-ks.com\/sq\/wp-json\/wp\/v2\/pages\/561\/revisions\/3354"}],"wp:attachment":[{"href":"https:\/\/aldex-ks.com\/sq\/wp-json\/wp\/v2\/media?parent=561"}],"curies":[{"name":"wp","href":"https:\/\/api.w.org\/{rel}","templated":true}]}}